{"id":59,"date":"2025-11-03T14:26:44","date_gmt":"2025-11-03T14:26:44","guid":{"rendered":"https:\/\/a-schwarzkopf.de\/?page_id=59"},"modified":"2025-11-03T14:26:44","modified_gmt":"2025-11-03T14:26:44","slug":"schwerpunkte","status":"publish","type":"page","link":"https:\/\/wachundwerkschutz.de\/?page_id=59","title":{"rendered":"Schwerpunkte"},"content":{"rendered":"<section class=\"l-section wpb_row height_medium\"><div class=\"l-section-h i-cf\"><div class=\"g-cols vc_row via_grid cols_1 laptops-cols_inherit tablets-cols_inherit mobiles-cols_1 valign_top type_default stacking_default\"><div class=\"wpb_column vc_column_container\"><div class=\"vc_column-inner\"><div class=\"g-cols wpb_row via_grid cols_1 laptops-cols_inherit tablets-cols_inherit mobiles-cols_1 valign_top type_default stacking_default\" style=\"--columns-gap:3rem;\"><div class=\"wpb_column vc_column_container\"><div class=\"vc_column-inner\"><div class=\"w-image align_center\"><div class=\"w-image-h\"><img decoding=\"async\" width=\"1024\" height=\"344\" src=\"https:\/\/wachundwerkschutz.de\/wp-content\/uploads\/2026\/03\/wuw1-scaled-1-1024x344.jpg\" class=\"attachment-large size-large\" alt=\"\" loading=\"lazy\" srcset=\"https:\/\/wachundwerkschutz.de\/wp-content\/uploads\/2026\/03\/wuw1-scaled-1-1024x344.jpg 1024w, https:\/\/wachundwerkschutz.de\/wp-content\/uploads\/2026\/03\/wuw1-scaled-1-300x101.jpg 300w, https:\/\/wachundwerkschutz.de\/wp-content\/uploads\/2026\/03\/wuw1-scaled-1-768x258.jpg 768w, https:\/\/wachundwerkschutz.de\/wp-content\/uploads\/2026\/03\/wuw1-scaled-1-1536x517.jpg 1536w, https:\/\/wachundwerkschutz.de\/wp-content\/uploads\/2026\/03\/wuw1-scaled-1-2048x689.jpg 2048w\" sizes=\"auto, (max-width: 1024px) 100vw, 1024px\" \/><\/div><\/div><\/div><\/div><\/div><div class=\"g-cols wpb_row via_grid cols_1 laptops-cols_inherit tablets-cols_inherit mobiles-cols_1 valign_top type_default stacking_default\" style=\"--columns-gap:3rem;\"><div class=\"wpb_column vc_column_container\"><div class=\"vc_column-inner\"><\/div><\/div><\/div><div class=\"wpb_text_column\"><div class=\"wpb_wrapper\"><\/div><\/div><div class=\"wpb_text_column\"><div class=\"wpb_wrapper\"><p>&nbsp;<\/p>\n<p>&nbsp;<\/p>\n<\/div><\/div><div class=\"wpb_text_column\"><div class=\"wpb_wrapper\"><p style=\"text-align: center;\"><strong>Unsere Schwerpunkte \u2013 Sicherheit aus einer Hand<\/strong><\/p>\n<p><strong>Pf\u00f6rtnerdienste<\/strong><\/p>\n<p>Wir \u00fcbernehmen die professionelle Besetzung Ihrer Eingangs- und Empfangsbereiche. Ob Besucheranmeldung, Ausweiskontrolle oder die \u00dcberwachung von Zufahrten \u2013 unsere Pf\u00f6rtnerdienste sorgen f\u00fcr einen sicheren und repr\u00e4sentativen ersten Eindruck.<\/p>\n<p><strong>Objektschutz \/ Werkschutz<\/strong><\/p>\n<p>Der Schutz Ihrer Geb\u00e4ude, Anlagen und Firmengel\u00e4nde steht bei uns an erster Stelle. Mit individuell angepassten Sicherheitskonzepten gew\u00e4hrleisten wir einen zuverl\u00e4ssigen Rundum-Schutz \u2013 von der Zutrittskontrolle bis zur Pr\u00e4vention von Gefahren und Sch\u00e4den.<\/p>\n<p><strong>Funkpatrouillendienst<\/strong><\/p>\n<p>Unsere mobilen Sicherheitskr\u00e4fte f\u00fchren regelm\u00e4\u00dfige und flexible Kontrollfahrten durch. Durch moderne Funktechnik sind sie jederzeit erreichbar und k\u00f6nnen schnell auf Auff\u00e4lligkeiten reagieren \u2013 f\u00fcr maximale Sicherheit auch au\u00dferhalb der regul\u00e4ren Arbeitszeiten.<\/p>\n<p><strong>Ordnungsdienste<\/strong><\/p>\n<p>Ob Veranstaltungen, \u00f6ffentliche Einrichtungen oder innerbetriebliche Abl\u00e4ufe: Unsere Ordnungsdienste sorgen f\u00fcr Sicherheit, Struktur und einen reibungslosen Ablauf \u2013 diskret, professionell und durchsetzungsstark.<\/p>\n<p><strong>Schlie\u00dfdienste<\/strong><\/p>\n<p>Wir \u00fcbernehmen die vollst\u00e4ndige Kontrolle Ihrer Schlie\u00dfsysteme. Von der \u00d6ffnung bis zur sicheren Verriegelung Ihrer Geb\u00e4ude und Anlagen stellen wir sicher, dass nichts dem Zufall \u00fcberlassen bleibt.<\/p>\n<p>&nbsp;<\/p>\n<p>&nbsp;<\/p>\n<p style=\"text-align: center;\"><span style=\"color: #0000ff;\">Mit diesen Schwerpunkten sorgen wir f\u00fcr Sicherheit \u2013 damit Sie sich jederzeit auf einen starken Partner verlassen k\u00f6nnen.<\/span><\/p>\n<\/div><\/div><\/div><\/div><\/div><\/div><\/section>\n","protected":false},"excerpt":{"rendered":"","protected":false},"author":1,"featured_media":0,"parent":0,"menu_order":0,"comment_status":"closed","ping_status":"closed","template":"","meta":{"footnotes":""},"class_list":["post-59","page","type-page","status-publish","hentry"],"_links":{"self":[{"href":"https:\/\/wachundwerkschutz.de\/index.php?rest_route=\/wp\/v2\/pages\/59","targetHints":{"allow":["GET"]}}],"collection":[{"href":"https:\/\/wachundwerkschutz.de\/index.php?rest_route=\/wp\/v2\/pages"}],"about":[{"href":"https:\/\/wachundwerkschutz.de\/index.php?rest_route=\/wp\/v2\/types\/page"}],"author":[{"embeddable":true,"href":"https:\/\/wachundwerkschutz.de\/index.php?rest_route=\/wp\/v2\/users\/1"}],"replies":[{"embeddable":true,"href":"https:\/\/wachundwerkschutz.de\/index.php?rest_route=%2Fwp%2Fv2%2Fcomments&post=59"}],"version-history":[{"count":0,"href":"https:\/\/wachundwerkschutz.de\/index.php?rest_route=\/wp\/v2\/pages\/59\/revisions"}],"wp:attachment":[{"href":"https:\/\/wachundwerkschutz.de\/index.php?rest_route=%2Fwp%2Fv2%2Fmedia&parent=59"}],"curies":[{"name":"wp","href":"https:\/\/api.w.org\/{rel}","templated":true}]}}